{"id":56,"date":"2024-01-18T16:58:53","date_gmt":"2024-01-18T16:58:53","guid":{"rendered":"https:\/\/velektron.hu\/?page_id=56"},"modified":"2024-01-30T08:33:06","modified_gmt":"2024-01-30T08:33:06","slug":"cegunkrol","status":"publish","type":"page","link":"https:\/\/velektron.hu\/index.php\/cegunkrol\/","title":{"rendered":"C\u00e9g\u00fcnkr\u0151l"},"content":{"rendered":"\n<p>A Vill\u00e1sz Elektron Kft. el\u0151dje a Vill-\u00c1sz Bt. m\u00e9g 1994 ben alakult meg csal\u00e1di v\u00e1llalkoz\u00e1sk\u00e9nt. \u00c9desap\u00e1m villanyszerel\u0151 m\u00e9rn\u00f6kk\u00e9nt gy\u00e1rban dolgozott, majd mikor m\u00e1r a rendszer engedte akkor kisiparosk\u00e9nt dolgozott ami az akkori meglel\u0151je volt az egy\u00e9ni v\u00e1llalkoz\u00f3nak, \u00e9s \u00edgy m\u00e1r az \u00e1ltal\u00e1nos iskola ny\u00e1risz\u00fcneteiben mentem neki seg\u00edteni, ez\u00e9rt m\u00e1r tizen\u00e9vesen gyakorlati \u00faton saj\u00e1t\u00edtottam el a villanyszerel\u00e9si szakm\u00e1t, majd \u00e9n is annak tanultam. Mind k\u00e9t c\u00e9g a mai napig prosper\u00e1l, \u00e9s ebb\u0151l is kider\u00fcl, nem projektc\u00e9gk\u00e9nt tervezz\u00fck a j\u00f6v\u0151nket, mert 30 \u00e9v ut\u00e1n is v\u00e1llaljuk a felel\u0151ss\u00e9get a munk\u00e1nkra.  <\/p>\n\n\n\n<p>Fekete Istv\u00e1n \u00fcgyvezet\u0151<\/p>\n\n\n\n<p><\/p>\n\n\n\n<p><\/p>\n\n\n\n<p><\/p>\n\n\n\n<p><\/p>\n\n\n\n<p><a>1147 Budapest, Czobor u. 47\/a<\/a><\/p>\n\n\n\n<div class=\"wp-block-group is-layout-constrained wp-block-group-is-layout-constrained\">\n<p><a>+36 (30) 397-6287<\/a><\/p>\n\n\n\n<p><a href=\"mailto:info@velektron.hu\">info(kukac)velektron.hu<\/a><\/p>\n<\/div>\n\n\n\n<p><\/p>\n\n\n\n<p><\/p>\n\n\n\n<p><\/p>\n\n\n\n<div class=\"wp-block-gutenverse-image guten-element guten-image guten-RN5nFm\"><a class=\"guten-image-wrapper\"><img loading=\"lazy\" decoding=\"async\" class=\"gutenverse-image-box-filled\" src=\"https:\/\/velektron.hu\/wp-content\/uploads\/2024\/01\/laptop-and-vintage-camera-with-negative-films-placed-on-desk-in-office-6177639-scaled.jpg\" height=\"2560\" width=\"1707\"\/><\/a><\/div>\n","protected":false},"excerpt":{"rendered":"<p>A Vill\u00e1sz Elektron Kft. el\u0151dje a Vill-\u00c1sz Bt. m\u00e9g 1994 ben alakult meg csal\u00e1di v\u00e1llalkoz\u00e1sk\u00e9nt. \u00c9desap\u00e1m villanyszerel\u0151 m\u00e9rn\u00f6kk\u00e9nt gy\u00e1rban dolgozott, majd mikor m\u00e1r a rendszer engedte akkor kisiparosk\u00e9nt dolgozott ami az akkori meglel\u0151je volt az egy\u00e9ni v\u00e1llalkoz\u00f3nak, \u00e9s \u00edgy m\u00e1r az \u00e1ltal\u00e1nos iskola ny\u00e1risz\u00fcneteiben mentem neki seg\u00edteni, ez\u00e9rt m\u00e1r tizen\u00e9vesen gyakorlati \u00faton saj\u00e1t\u00edtottam el a villanyszerel\u00e9si szakm\u00e1t, majd \u00e9n is annak tanultam. Mind k\u00e9t c\u00e9g a mai napig prosper\u00e1l, \u00e9s ebb\u0151l is kider\u00fcl, nem projektc\u00e9gk\u00e9nt tervezz\u00fck a j\u00f6v\u0151nket, mert 30 \u00e9v ut\u00e1n is v\u00e1llaljuk a felel\u0151ss\u00e9get a munk\u00e1nkra. Fekete Istv\u00e1n \u00fcgyvezet\u0151 1147 Budapest, Czobor u. 47\/a +36 (30) 397-6287 info(kukac)velektron.hu<\/p>\n","protected":false},"author":1,"featured_media":0,"parent":0,"menu_order":0,"comment_status":"closed","ping_status":"closed","template":"","meta":{"_kadence_starter_templates_imported_post":false,"footnotes":""},"class_list":["post-56","page","type-page","status-publish","hentry"],"_links":{"self":[{"href":"https:\/\/velektron.hu\/index.php\/wp-json\/wp\/v2\/pages\/56","targetHints":{"allow":["GET"]}}],"collection":[{"href":"https:\/\/velektron.hu\/index.php\/wp-json\/wp\/v2\/pages"}],"about":[{"href":"https:\/\/velektron.hu\/index.php\/wp-json\/wp\/v2\/types\/page"}],"author":[{"embeddable":true,"href":"https:\/\/velektron.hu\/index.php\/wp-json\/wp\/v2\/users\/1"}],"replies":[{"embeddable":true,"href":"https:\/\/velektron.hu\/index.php\/wp-json\/wp\/v2\/comments?post=56"}],"version-history":[{"count":8,"href":"https:\/\/velektron.hu\/index.php\/wp-json\/wp\/v2\/pages\/56\/revisions"}],"predecessor-version":[{"id":88,"href":"https:\/\/velektron.hu\/index.php\/wp-json\/wp\/v2\/pages\/56\/revisions\/88"}],"wp:attachment":[{"href":"https:\/\/velektron.hu\/index.php\/wp-json\/wp\/v2\/media?parent=56"}],"curies":[{"name":"wp","href":"https:\/\/api.w.org\/{rel}","templated":true}]}}